{"id":848,"date":"2025-06-17T20:41:41","date_gmt":"2025-06-18T00:41:41","guid":{"rendered":"https:\/\/www.transcofoods.com\/privacy-policy\/"},"modified":"2025-07-06T16:47:02","modified_gmt":"2025-07-06T20:47:02","slug":"politica-de-privacidad","status":"publish","type":"page","link":"https:\/\/www.transcofoods.com\/es\/politica-de-privacidad\/","title":{"rendered":"Pol\u00edtica de privacidad"},"content":{"rendered":"<p>[et_pb_section fb_built=&#8221;1&#8243; fullwidth=&#8221;on&#8221; _builder_version=&#8221;4.27.4&#8243; _module_preset=&#8221;default&#8221; locked=&#8221;off&#8221; global_colors_info=&#8221;{}&#8221;][et_pb_fullwidth_image src=&#8221;https:\/\/www.transcofoods.com\/wp-content\/uploads\/2025\/06\/header7-contact.jpg&#8221; title_text=&#8221;header7-contact&#8221; _builder_version=&#8221;4.27.4&#8243; _module_preset=&#8221;default&#8221; global_colors_info=&#8221;{}&#8221;][\/et_pb_fullwidth_image][\/et_pb_section][et_pb_section fb_built=&#8221;1&#8243; _builder_version=&#8221;4.16&#8243; collapsed=&#8221;on&#8221; global_colors_info=&#8221;{}&#8221;][et_pb_row _builder_version=&#8221;4.16&#8243; background_size=&#8221;initial&#8221; background_position=&#8221;top_left&#8221; background_repeat=&#8221;repeat&#8221; global_colors_info=&#8221;{}&#8221;][et_pb_column type=&#8221;4_4&#8243; _builder_version=&#8221;4.16&#8243; custom_padding=&#8221;|||&#8221; global_colors_info=&#8221;{}&#8221; custom_padding__hover=&#8221;|||&#8221;][et_pb_text _builder_version=&#8221;4.27.4&#8243; text_font=&#8221;&#8211;et_global_body_font|500|||||||&#8221; text_text_color=&#8221;#333333&#8243; link_font=&#8221;||||on|||#CC0000|&#8221; link_text_color=&#8221;#CC0000&#8243; header_font=&#8221;Arial|||on|||||&#8221; header_text_color=&#8221;#999999&#8243; hover_enabled=&#8221;0&#8243; global_colors_info=&#8221;{}&#8221; sticky_enabled=&#8221;0&#8243;]<\/p>\n<h1>Pol\u00edtica de privacidad<\/h1>\n<p>El prop\u00f3sito de esta pol\u00edtica de privacidad es informar a los usuarios de nuestro sitio web <a href=\"https:\/\/www.transcofoods.com\/es\/\">https:\/\/www.transcofoods.com\/<\/a> sobre la informaci\u00f3n personal que recopilamos y c\u00f3mo la utilizamos.<\/p>\n<p>Transco Food Trading Inc. cumple estrictamente la Ley 25 de Quebec relativa a la protecci\u00f3n de la informaci\u00f3n personal.<\/p>\n<p>Esta pol\u00edtica de privacidad tambi\u00e9n detalla nuestro compromiso y las medidas adoptadas para garantizar la seguridad de su informaci\u00f3n personal.<\/p>\n<ol>\n<li>Tipos de datos personales recopilados<\/li>\n<li>Uso de la informaci\u00f3n personal recopilada<\/li>\n<li>Protocolos de seguridad de los datos<\/li>\n<li>Sus derechos<\/li>\n<\/ol>\n<h2>Tipos de datos personales recogidos<\/h2>\n<h3>Datos recogidos autom\u00e1ticamente<\/h3>\n<p>Cuando visita <a href=\"https:\/\/www.transcofoods.com\/es\/\">https:\/\/www.transcofoods.com\/<\/a>, recopilamos autom\u00e1ticamente informaci\u00f3n sobre su dispositivo y su interacci\u00f3n con nuestro sitio a trav\u00e9s de la herramienta Google Analytics.<\/p>\n<p>Esto incluye los siguientes datos<\/p>\n<ul>\n<li>Direcci\u00f3n IP<\/li>\n<li>Localizaci\u00f3n<\/li>\n<li>Detalles de hardware y software<\/li>\n<li>Contenido que el usuario ve en nuestro sitio<\/li>\n<li>Enlaces en los que el usuario hace clic al visitar el sitio<\/li>\n<\/ul>\n<h3>Datos personales recogidos de forma no autom\u00e1tica<\/h3>\n<p>Sus datos personales se recogen a trav\u00e9s de :<\/p>\n<ul>\n<li>Formulario de contacto<\/li>\n<\/ul>\n<p>Esto incluye los siguientes datos<\/p>\n<ul>\n<li>Nombre<\/li>\n<li>Apellidos<\/li>\n<li>Direcci\u00f3n de correo electr\u00f3nico<\/li>\n<li>N\u00famero de tel\u00e9fono<\/li>\n<\/ul>\n<h3>Uso de la informaci\u00f3n personal recopilada<\/h3>\n<p>Tenga en cuenta que s\u00f3lo recopilamos los datos que nos ayudan a lograr el prop\u00f3sito establecido en esta pol\u00edtica de privacidad. No recopilaremos ning\u00fan dato adicional sin informarle previamente.<\/p>\n<p>Utilizamos estos datos para<\/p>\n<ul>\n<li>Enviar ofertas promocionales y comunicaciones espec\u00edficas a trav\u00e9s de nuestro bolet\u00edn de noticias<\/li>\n<li>Realizar an\u00e1lisis estad\u00edsticos para mejorar el sitio<\/li>\n<li>Como parte de un protocolo de seguridad de datos<\/li>\n<\/ul>\n<h3>Medidas de seguridad<\/h3>\n<p>Sus datos se almacenan en un entorno seguro y controlado. Utilizamos protocolos SSL y s\u00f3lidas medidas de seguridad para impedir el acceso no autorizado.<\/p>\n<p>No venderemos ni compartiremos sus datos con terceros, salvo que lo exija la ley o en caso de procedimiento judicial.<\/p>\n<p>Podemos revelar a cualquier miembro de nuestra organizaci\u00f3n los datos del usuario que razonablemente necesite para cumplir los fines establecidos en esta pol\u00edtica.<\/p>\n<h3>Transferencias internacionales<\/h3>\n<p>Los datos de los usuarios pueden consultarse, tratarse o recogerse en los siguientes pa\u00edses:<\/p>\n<ul>\n<li>En todo el mundo<\/li>\n<\/ul>\n<h3>Duraci\u00f3n del uso de los datos personales<\/h3>\n<p>Almacenamos los datos personales durante un periodo de 10 a\u00f1os. Nos aseguraremos de que se notifique a los usuarios si sus datos se almacenan durante m\u00e1s tiempo que este periodo.<\/p>\n<h3>En caso de filtraci\u00f3n de datos<\/h3>\n<p>En caso de filtraci\u00f3n de sus datos personales, nos comprometemos a mantenerle informado a usted y a la Commission d&#8217;Acc\u00e8s \u00e0 l&#8217;Information du Qu\u00e9bec.<\/p>\n<h2>Sus derechos<\/h2>\n<h3>Derechos de los usuarios<\/h3>\n<p>Si usted reside en Quebec, de conformidad con la Ley 25, tiene derechos espec\u00edficos en relaci\u00f3n con sus datos personales:<\/p>\n<ul>\n<li>Derecho a ser informado<\/li>\n<li>Derecho de acceso<\/li>\n<li>Derecho de rectificaci\u00f3n<\/li>\n<li>Derecho a la portabilidad de los datos<\/li>\n<\/ul>\n<p>Derecho a oponerse al uso de sus datos y a retirarlos.<\/p>\n<p>Para ejercer estos derechos, p\u00f3ngase en contacto con nuestro Responsable de Protecci\u00f3n de Datos:<\/p>\n<ul>\n<li>Direcci\u00f3n: 750 Boul. Marcel Laurin, Suite 225, Montreal, Quebec, Canad\u00e1 H4M 2M4\n<ul>\n<li>Correo electr\u00f3nico: <a href=\"mailto:arnold@transcofoods.com\">arnold@transcofoods.com<\/a><\/li>\n<\/ul>\n<\/li>\n<li>Tel\u00e9fono: 514-747-4249<\/li>\n<li>Sitio web : https:\/\/www.transcofoods.com\/<\/li>\n<\/ul>\n<h3>Derecho de acceso y rectificaci\u00f3n<\/h3>\n<p>Puede consultar, modificar o suprimir sus datos. Para ello, utilice los mismos datos de contacto mencionados anteriormente.<\/p>\n<h3>Consentimiento y retirada<\/h3>\n<p>Puede visitar nuestro sitio sin revelar su identidad. Sin embargo, algunas funciones requieren la recogida de datos personales. Siempre tiene la opci\u00f3n de no facilitar esta informaci\u00f3n.<\/p>\n<h3>Menores de edad<\/h3>\n<p>La Ley 25 especifica que los menores de 14 a\u00f1os se consideran menores a efectos de recogida de datos. No podr\u00e1 recabarse de ellos informaci\u00f3n personal sin el consentimiento del titular de la patria potestad o del tutor, salvo cuando dicha recogida redunde claramente en beneficio del menor.<\/p>\n<h3>Enlaces externos<\/h3>\n<p>Nuestro sitio puede contener enlaces a otros sitios web. No somos responsables de sus pr\u00e1cticas de privacidad.<\/p>\n<h3>Contacto<\/h3>\n<p>Nuestra pol\u00edtica de privacidad se actualiz\u00f3 por \u00faltima vez el 28-11-2024. Si tiene alguna pregunta sobre esta pol\u00edtica de privacidad, puede ponerse en contacto con nosotros en <a href=\"mailto:arnold@transcofoods.com\">arnold@transcofoods.com<\/a>.<\/p>\n<p>Al utilizar nuestro sitio web <a href=\"https:\/\/www.transcofoods.com\/es\/\">https:\/\/www.transcofoods.com\/<\/a> usted acepta los t\u00e9rminos de esta pol\u00edtica de privacidad.<\/p>\n<p>[\/et_pb_text][\/et_pb_column][\/et_pb_row][\/et_pb_section]<\/p>\n","protected":false},"excerpt":{"rendered":"<p>Pol\u00edtica de privacidad El prop\u00f3sito de esta pol\u00edtica de privacidad es informar a los usuarios de nuestro sitio web https:\/\/www.transcofoods.com\/ sobre la informaci\u00f3n personal que recopilamos y c\u00f3mo la utilizamos. Transco Food Trading Inc. cumple estrictamente la Ley 25 de Quebec relativa a la protecci\u00f3n de la informaci\u00f3n personal. Esta pol\u00edtica de privacidad tambi\u00e9n detalla [&hellip;]<\/p>\n","protected":false},"author":1,"featured_media":0,"parent":0,"menu_order":0,"comment_status":"closed","ping_status":"open","template":"","meta":{"_et_pb_use_builder":"on","_et_pb_old_content":"<!-- wp:heading -->\n<h2 class=\"wp-block-heading\">Who we are<\/h2>\n<!-- \/wp:heading -->\n<!-- wp:paragraph -->\n<p><strong class=\"privacy-policy-tutorial\">Suggested text: <\/strong>Our website address is: https:\/\/www.transcofoods.com.<\/p>\n<!-- \/wp:paragraph -->\n<!-- wp:heading -->\n<h2 class=\"wp-block-heading\">Comments<\/h2>\n<!-- \/wp:heading -->\n<!-- wp:paragraph -->\n<p><strong class=\"privacy-policy-tutorial\">Suggested text: <\/strong>When visitors leave comments on the site we collect the data shown in the comments form, and also the visitor&#8217;s IP address and browser user agent string to help spam detection.<\/p>\n<!-- \/wp:paragraph -->\n<!-- wp:paragraph -->\n<p>An anonymized string created from your email address (also called a hash) may be provided to the Gravatar service to see if you are using it. The Gravatar service privacy policy is available here: https:\/\/automattic.com\/privacy\/. After approval of your comment, your profile picture is visible to the public in the context of your comment.<\/p>\n<!-- \/wp:paragraph -->\n<!-- wp:heading -->\n<h2 class=\"wp-block-heading\">Media<\/h2>\n<!-- \/wp:heading -->\n<!-- wp:paragraph -->\n<p><strong class=\"privacy-policy-tutorial\">Suggested text: <\/strong>If you upload images to the website, you should avoid uploading images with embedded location data (EXIF GPS) included. Visitors to the website can download and extract any location data from images on the website.<\/p>\n<!-- \/wp:paragraph -->\n<!-- wp:heading -->\n<h2 class=\"wp-block-heading\">Cookies<\/h2>\n<!-- \/wp:heading -->\n<!-- wp:paragraph -->\n<p><strong class=\"privacy-policy-tutorial\">Suggested text: <\/strong>If you leave a comment on our site you may opt-in to saving your name, email address and website in cookies. These are for your convenience so that you do not have to fill in your details again when you leave another comment. These cookies will last for one year.<\/p>\n<!-- \/wp:paragraph -->\n<!-- wp:paragraph -->\n<p>If you visit our login page, we will set a temporary cookie to determine if your browser accepts cookies. This cookie contains no personal data and is discarded when you close your browser.<\/p>\n<!-- \/wp:paragraph -->\n<!-- wp:paragraph -->\n<p>When you log in, we will also set up several cookies to save your login information and your screen display choices. Login cookies last for two days, and screen options cookies last for a year. If you select &quot;Remember Me&quot;, your login will persist for two weeks. If you log out of your account, the login cookies will be removed.<\/p>\n<!-- \/wp:paragraph -->\n<!-- wp:paragraph -->\n<p>If you edit or publish an article, an additional cookie will be saved in your browser. This cookie includes no personal data and simply indicates the post ID of the article you just edited. It expires after 1 day.<\/p>\n<!-- \/wp:paragraph -->\n<!-- wp:heading -->\n<h2 class=\"wp-block-heading\">Embedded content from other websites<\/h2>\n<!-- \/wp:heading -->\n<!-- wp:paragraph -->\n<p><strong class=\"privacy-policy-tutorial\">Suggested text: <\/strong>Articles on this site may include embedded content (e.g. videos, images, articles, etc.). Embedded content from other websites behaves in the exact same way as if the visitor has visited the other website.<\/p>\n<!-- \/wp:paragraph -->\n<!-- wp:paragraph -->\n<p>These websites may collect data about you, use cookies, embed additional third-party tracking, and monitor your interaction with that embedded content, including tracking your interaction with the embedded content if you have an account and are logged in to that website.<\/p>\n<!-- \/wp:paragraph -->\n<!-- wp:heading -->\n<h2 class=\"wp-block-heading\">Who we share your data with<\/h2>\n<!-- \/wp:heading -->\n<!-- wp:paragraph -->\n<p><strong class=\"privacy-policy-tutorial\">Suggested text: <\/strong>If you request a password reset, your IP address will be included in the reset email.<\/p>\n<!-- \/wp:paragraph -->\n<!-- wp:heading -->\n<h2 class=\"wp-block-heading\">How long we retain your data<\/h2>\n<!-- \/wp:heading -->\n<!-- wp:paragraph -->\n<p><strong class=\"privacy-policy-tutorial\">Suggested text: <\/strong>If you leave a comment, the comment and its metadata are retained indefinitely. This is so we can recognize and approve any follow-up comments automatically instead of holding them in a moderation queue.<\/p>\n<!-- \/wp:paragraph -->\n<!-- wp:paragraph -->\n<p>For users that register on our website (if any), we also store the personal information they provide in their user profile. All users can see, edit, or delete their personal information at any time (except they cannot change their username). Website administrators can also see and edit that information.<\/p>\n<!-- \/wp:paragraph -->\n<!-- wp:heading -->\n<h2 class=\"wp-block-heading\">What rights you have over your data<\/h2>\n<!-- \/wp:heading -->\n<!-- wp:paragraph -->\n<p><strong class=\"privacy-policy-tutorial\">Suggested text: <\/strong>If you have an account on this site, or have left comments, you can request to receive an exported file of the personal data we hold about you, including any data you have provided to us. You can also request that we erase any personal data we hold about you. This does not include any data we are obliged to keep for administrative, legal, or security purposes.<\/p>\n<!-- \/wp:paragraph -->\n<!-- wp:heading -->\n<h2 class=\"wp-block-heading\">Where your data is sent<\/h2>\n<!-- \/wp:heading -->\n<!-- wp:paragraph -->\n<p><strong class=\"privacy-policy-tutorial\">Suggested text: <\/strong>Visitor comments may be checked through an automated spam detection service.<\/p>\n<!-- \/wp:paragraph -->\n","_et_gb_content_width":"","footnotes":""},"class_list":["post-848","page","type-page","status-publish","hentry"],"_links":{"self":[{"href":"https:\/\/www.transcofoods.com\/es\/wp-json\/wp\/v2\/pages\/848","targetHints":{"allow":["GET"]}}],"collection":[{"href":"https:\/\/www.transcofoods.com\/es\/wp-json\/wp\/v2\/pages"}],"about":[{"href":"https:\/\/www.transcofoods.com\/es\/wp-json\/wp\/v2\/types\/page"}],"author":[{"embeddable":true,"href":"https:\/\/www.transcofoods.com\/es\/wp-json\/wp\/v2\/users\/1"}],"replies":[{"embeddable":true,"href":"https:\/\/www.transcofoods.com\/es\/wp-json\/wp\/v2\/comments?post=848"}],"version-history":[{"count":3,"href":"https:\/\/www.transcofoods.com\/es\/wp-json\/wp\/v2\/pages\/848\/revisions"}],"predecessor-version":[{"id":852,"href":"https:\/\/www.transcofoods.com\/es\/wp-json\/wp\/v2\/pages\/848\/revisions\/852"}],"wp:attachment":[{"href":"https:\/\/www.transcofoods.com\/es\/wp-json\/wp\/v2\/media?parent=848"}],"curies":[{"name":"wp","href":"https:\/\/api.w.org\/{rel}","templated":true}]}}